{"id":683,"date":"2018-07-25T15:06:14","date_gmt":"2018-07-25T18:06:14","guid":{"rendered":"https:\/\/ies6037-05-guachipas-sal.infd.edu.ar\/sitio\/?page_id=683"},"modified":"2021-02-24T16:56:37","modified_gmt":"2021-02-24T19:56:37","slug":"institucional","status":"publish","type":"page","link":"https:\/\/ies6037-05-guachipas-sal.infd.edu.ar\/sitio\/institucional\/","title":{"rendered":"SEDE DIN\u00c1MICA"},"content":{"rendered":"<p>La Sede Din\u00e1mica N\u00b0 6037-05 depende de la Direcci\u00f3n General de Educaci\u00f3n Superior fue creada por decreto N\u00b0 1295\/11, en la localidad de Guachipas, en el turno vespertino, a fin de atender la demanda formativa y satisfacer sus necesidades conforme a los lineamentos de la pol\u00edtica educativa sustentada sobre la base de principios y objetivos de la Ley de Educaci\u00f3n de la Provincia de Salta.<\/p>\n<p>Inici\u00f3 sus actividades acad\u00e9micas en el a\u00f1o 2011 en dependencias de la Escuela de Educaci\u00f3n Agrot\u00e9cnica N\u00b0 3158 \u201cSoberan\u00eda Nacional\u201d, con la Tecnicatura Superior en Agroalimentos. En el a\u00f1o 2013 se reemplaza por la Tecnicatura Superior en Turismo con Orientaci\u00f3n en Gu\u00eda de Ecoturismo, y desde el 2016 se realiza el cambio dentro de la Tecnicatura de Turismo, a la Orientaci\u00f3n de Hoteler\u00eda. La Sede cuenta con un plantel de 10 docentes, la coordinadora, la secretaria y la ordenanza.<\/p>\n","protected":false},"excerpt":{"rendered":"<p>La Sede Din\u00e1mica N\u00b0 6037-05 depende de la Direcci\u00f3n General de Educaci\u00f3n Superior fue creada por decreto N\u00b0 1295\/11, en la localidad de Guachipas, en el turno vespertino, a fin de atender la demanda formativa y satisfacer sus necesidades conforme a los lineamentos de la pol\u00edtica educativa sustentada sobre la base de principios y objetivos &#8230; <a title=\"SEDE DIN\u00c1MICA\" class=\"read-more\" href=\"https:\/\/ies6037-05-guachipas-sal.infd.edu.ar\/sitio\/institucional\/\" aria-label=\"More on SEDE DIN\u00c1MICA\">[+]<\/a><\/p>\n","protected":false},"author":6,"featured_media":0,"parent":0,"menu_order":0,"comment_status":"closed","ping_status":"closed","template":"","meta":[],"acf":[],"_links":{"self":[{"href":"https:\/\/ies6037-05-guachipas-sal.infd.edu.ar\/sitio\/wp-json\/wp\/v2\/pages\/683"}],"collection":[{"href":"https:\/\/ies6037-05-guachipas-sal.infd.edu.ar\/sitio\/wp-json\/wp\/v2\/pages"}],"about":[{"href":"https:\/\/ies6037-05-guachipas-sal.infd.edu.ar\/sitio\/wp-json\/wp\/v2\/types\/page"}],"author":[{"embeddable":true,"href":"https:\/\/ies6037-05-guachipas-sal.infd.edu.ar\/sitio\/wp-json\/wp\/v2\/users\/6"}],"replies":[{"embeddable":true,"href":"https:\/\/ies6037-05-guachipas-sal.infd.edu.ar\/sitio\/wp-json\/wp\/v2\/comments?post=683"}],"version-history":[{"count":7,"href":"https:\/\/ies6037-05-guachipas-sal.infd.edu.ar\/sitio\/wp-json\/wp\/v2\/pages\/683\/revisions"}],"predecessor-version":[{"id":811,"href":"https:\/\/ies6037-05-guachipas-sal.infd.edu.ar\/sitio\/wp-json\/wp\/v2\/pages\/683\/revisions\/811"}],"wp:attachment":[{"href":"https:\/\/ies6037-05-guachipas-sal.infd.edu.ar\/sitio\/wp-json\/wp\/v2\/media?parent=683"}],"curies":[{"name":"wp","href":"https:\/\/api.w.org\/{rel}","templated":true}]}}