{"id":685,"date":"2018-07-25T15:06:42","date_gmt":"2018-07-25T18:06:42","guid":{"rendered":"https:\/\/ies6037-05-guachipas-sal.infd.edu.ar\/sitio\/?page_id=685"},"modified":"2021-02-24T17:02:09","modified_gmt":"2021-02-24T20:02:09","slug":"autoridades","status":"publish","type":"page","link":"https:\/\/ies6037-05-guachipas-sal.infd.edu.ar\/sitio\/institucional\/autoridades\/","title":{"rendered":"Autoridades"},"content":{"rendered":"<h4><span data-mce-mark=\"1\"><strong>SECRETAR\u00cdA<\/strong><\/span><\/h4>\n<p><i>Prof. Marcela Molina<\/i><\/p>\n<p><span data-mce-mark=\"1\">Tel\u00e9fono:\u00a0<\/span><\/p>\n<p><span data-mce-mark=\"1\">E-mail: sd6037-05@hotmail.com.ar<\/span><\/p>\n<h4><\/h4>\n<h4><strong>COORDINACION<\/strong><\/h4>\n<p><b>Carrera: Tecnicatura Superior en Turismo con orientaci\u00f3n en Hoteler\u00eda<\/b><\/p>\n<p><i>T\u00e9c. Silvina Espinosa<\/i><\/p>\n<p><span data-mce-mark=\"1\">Tel\u00e9fono: 0387-154811515<\/span><\/p>\n<p><span data-mce-mark=\"1\">E-mail: silvina.espinosa.414@gmail.com<\/span><\/p>\n<p>&nbsp;<\/p>\n<p>&nbsp;<\/p>\n","protected":false},"excerpt":{"rendered":"<p>SECRETAR\u00cdA Prof. Marcela Molina Tel\u00e9fono:\u00a0 E-mail: sd6037-05@hotmail.com.ar COORDINACION Carrera: Tecnicatura Superior en Turismo con orientaci\u00f3n en Hoteler\u00eda T\u00e9c. Silvina Espinosa Tel\u00e9fono: 0387-154811515 E-mail: silvina.espinosa.414@gmail.com &nbsp; &nbsp;<\/p>\n","protected":false},"author":6,"featured_media":0,"parent":683,"menu_order":0,"comment_status":"closed","ping_status":"closed","template":"","meta":[],"acf":[],"_links":{"self":[{"href":"https:\/\/ies6037-05-guachipas-sal.infd.edu.ar\/sitio\/wp-json\/wp\/v2\/pages\/685"}],"collection":[{"href":"https:\/\/ies6037-05-guachipas-sal.infd.edu.ar\/sitio\/wp-json\/wp\/v2\/pages"}],"about":[{"href":"https:\/\/ies6037-05-guachipas-sal.infd.edu.ar\/sitio\/wp-json\/wp\/v2\/types\/page"}],"author":[{"embeddable":true,"href":"https:\/\/ies6037-05-guachipas-sal.infd.edu.ar\/sitio\/wp-json\/wp\/v2\/users\/6"}],"replies":[{"embeddable":true,"href":"https:\/\/ies6037-05-guachipas-sal.infd.edu.ar\/sitio\/wp-json\/wp\/v2\/comments?post=685"}],"version-history":[{"count":10,"href":"https:\/\/ies6037-05-guachipas-sal.infd.edu.ar\/sitio\/wp-json\/wp\/v2\/pages\/685\/revisions"}],"predecessor-version":[{"id":819,"href":"https:\/\/ies6037-05-guachipas-sal.infd.edu.ar\/sitio\/wp-json\/wp\/v2\/pages\/685\/revisions\/819"}],"up":[{"embeddable":true,"href":"https:\/\/ies6037-05-guachipas-sal.infd.edu.ar\/sitio\/wp-json\/wp\/v2\/pages\/683"}],"wp:attachment":[{"href":"https:\/\/ies6037-05-guachipas-sal.infd.edu.ar\/sitio\/wp-json\/wp\/v2\/media?parent=685"}],"curies":[{"name":"wp","href":"https:\/\/api.w.org\/{rel}","templated":true}]}}