{"id":734,"date":"2018-07-26T10:49:22","date_gmt":"2018-07-26T13:49:22","guid":{"rendered":"https:\/\/ies6037-05-guachipas-sal.infd.edu.ar\/sitio\/?page_id=734"},"modified":"2021-02-24T13:22:17","modified_gmt":"2021-02-24T16:22:17","slug":"tecnicatura-turismo","status":"publish","type":"page","link":"https:\/\/ies6037-05-guachipas-sal.infd.edu.ar\/sitio\/catalogo\/tecnicatura-turismo\/","title":{"rendered":"Tecnicatura Superior en Turismo con orientaci\u00f3n en Hoteler\u00eda"},"content":{"rendered":"<h3>Tecnicatura Superior en Turismo con orientaci\u00f3n en Hoteler\u00eda<\/h3>\n<ul>\n<li>\n<pre>Acerca de la carrera<\/pre>\n<\/li>\n<li>\n<pre>Plan de estudios <a href=\"https:\/\/dges-sal.infd.edu.ar\/sitio\/tecnicaturas\/upload\/Res._4256-06_turismo_anexos_I-II-III-IV-V_y_VI.pdf\">https:\/\/dges-sal.infd.edu.ar\/sitio\/tecnicaturas\/upload\/Res._4256-06_turismo_anexos_I-II-III-IV-V_y_VI.pdf<\/a><\/pre>\n<\/li>\n<li>\n<pre>Perfil del Egresado<\/pre>\n<\/li>\n<\/ul>\n<p>&nbsp;<\/p>\n<h4>Acerca de la carrera<\/h4>\n<p>T\u00cdTULO: \u201cT\u00e9cnico Superior en Turismo con Orientaci\u00f3n en Hoteler\u00eda\u201d<\/p>\n<p><strong>\u00a0<\/strong><\/p>\n<h4><\/h4>\n<h4><\/h4>\n<h4>Plan de estudios<\/h4>\n<p>https:\/\/dges-sal.infd.edu.ar\/sitio\/tecnicaturas\/upload\/Res._4256-06_turismo_anexos_I-II-III-IV-V_y_VI.pdf<\/p>\n<h2>PRIMER A\u00d1O<\/h2>\n<table>\n<tbody>\n<tr>\n<td width=\"366\"><strong>Espacio Curricular<\/strong><\/td>\n<td width=\"113\"><strong>Anual<\/strong><\/td>\n<td width=\"94\"><strong>1\u00ba Cuatr.<\/strong><\/td>\n<td width=\"100\"><strong>2\u00ba Cuatr.<\/strong><\/td>\n<\/tr>\n<tr>\n<td width=\"366\">Ingl\u00e9s I<\/td>\n<td width=\"113\">X<\/td>\n<td width=\"94\"><\/td>\n<td width=\"100\"><\/td>\n<\/tr>\n<tr>\n<td width=\"366\">Principios de Gastronom\u00eda<\/td>\n<td width=\"113\"><\/td>\n<td width=\"94\">X<\/td>\n<td width=\"100\"><\/td>\n<\/tr>\n<tr>\n<td width=\"366\">Patrimonio Tur\u00edstico<\/td>\n<td width=\"113\"><\/td>\n<td width=\"94\"><\/td>\n<td width=\"100\">x<\/td>\n<\/tr>\n<tr>\n<td width=\"366\">Introducci\u00f3n al Turismo<\/td>\n<td width=\"113\">X<\/td>\n<td width=\"94\"><\/td>\n<td width=\"100\"><\/td>\n<\/tr>\n<tr>\n<td width=\"366\">Hoteler\u00eda<\/td>\n<td width=\"113\">X<\/td>\n<td width=\"94\"><\/td>\n<td width=\"100\"><\/td>\n<\/tr>\n<tr>\n<td width=\"366\">EDI. I: Recursos Humanos<\/td>\n<td width=\"113\">X<\/td>\n<td width=\"94\"><\/td>\n<td width=\"100\"><\/td>\n<\/tr>\n<tr>\n<td width=\"366\">Pr\u00e1cticas Profesional I: Informante Tur\u00edstico<\/td>\n<td width=\"113\">x<\/td>\n<td width=\"94\"><\/td>\n<td width=\"100\"><\/td>\n<\/tr>\n<\/tbody>\n<\/table>\n<p><strong>\u00a0<\/strong><\/p>\n<h2><strong>SEGUNDO A\u00d1O<\/strong><strong>\u00a0<\/strong><\/h2>\n<table>\n<tbody>\n<tr>\n<td width=\"366\"><strong>Espacio Curricular<\/strong><\/td>\n<td width=\"113\"><strong>Anual<\/strong><\/td>\n<td width=\"94\"><strong>1\u00ba Cuatr.<\/strong><\/td>\n<td width=\"100\"><strong>2\u00ba Cuatr.<\/strong><\/td>\n<\/tr>\n<tr>\n<td width=\"366\">Ingl\u00e9s II<\/td>\n<td width=\"113\">X<\/td>\n<td width=\"94\"><\/td>\n<td width=\"100\"><\/td>\n<\/tr>\n<tr>\n<td width=\"366\">Agencia de Viajes<\/td>\n<td width=\"113\">X<\/td>\n<td width=\"94\"><\/td>\n<td width=\"100\"><\/td>\n<\/tr>\n<tr>\n<td width=\"366\">Diagramaci\u00f3n de Circuitos Tur\u00edsticos<\/td>\n<td width=\"113\"><\/td>\n<td width=\"94\">X<\/td>\n<td width=\"100\"><\/td>\n<\/tr>\n<tr>\n<td width=\"366\">Estad\u00edstica Aplicada al Turismo<\/td>\n<td width=\"113\"><\/td>\n<td width=\"94\"><\/td>\n<td width=\"100\">X<\/td>\n<\/tr>\n<tr>\n<td width=\"366\">Administraci\u00f3n Hotelera<\/td>\n<td width=\"113\">X<\/td>\n<td width=\"94\"><\/td>\n<td width=\"100\"><\/td>\n<\/tr>\n<tr>\n<td width=\"366\">EDI. II: Pol\u00edtica y Turismo<\/td>\n<td width=\"113\">X<\/td>\n<td width=\"94\"><\/td>\n<td width=\"100\"><\/td>\n<\/tr>\n<tr>\n<td width=\"366\">Pr\u00e1cticas Profesional II: Recepci\u00f3n<\/td>\n<td width=\"113\">x<\/td>\n<td width=\"94\"><\/td>\n<td width=\"100\"><\/td>\n<\/tr>\n<\/tbody>\n<\/table>\n<h2><\/h2>\n<p>&nbsp;<\/p>\n<h2>TERCER A\u00d1O<strong>\u00a0<\/strong><\/h2>\n<table>\n<tbody>\n<tr>\n<td width=\"366\"><strong>Espacio Curricular<\/strong><\/td>\n<td width=\"113\"><strong>Anual<\/strong><\/td>\n<td width=\"94\"><strong>1\u00ba Cuatr.<\/strong><\/td>\n<td width=\"100\"><strong>2\u00ba Cuatr.<\/strong><\/td>\n<\/tr>\n<tr>\n<td width=\"366\">Ingl\u00e9s III<\/td>\n<td width=\"113\">X<\/td>\n<td width=\"94\"><\/td>\n<td width=\"100\"><\/td>\n<\/tr>\n<tr>\n<td width=\"366\">Econom\u00eda<\/td>\n<td width=\"113\"><\/td>\n<td width=\"94\">X<\/td>\n<td width=\"100\"><\/td>\n<\/tr>\n<tr>\n<td width=\"366\">Formulaci\u00f3n de Proyectos<\/td>\n<td width=\"113\"><\/td>\n<td width=\"94\"><\/td>\n<td width=\"100\">X<\/td>\n<\/tr>\n<tr>\n<td width=\"366\">Marketing Tur\u00edstico<\/td>\n<td width=\"113\">X<\/td>\n<td width=\"94\"><\/td>\n<td width=\"100\"><\/td>\n<\/tr>\n<tr>\n<td width=\"366\">Organizaci\u00f3n de Eventos<\/td>\n<td width=\"113\"><\/td>\n<td width=\"94\">X<\/td>\n<td width=\"100\"><\/td>\n<\/tr>\n<tr>\n<td width=\"366\">Housekeeping<\/td>\n<td width=\"113\">X<\/td>\n<td width=\"94\"><\/td>\n<td width=\"100\"><\/td>\n<\/tr>\n<tr>\n<td width=\"366\">EDI. III: Relaciones P\u00fablicas<\/td>\n<td width=\"113\">X<\/td>\n<td width=\"94\"><\/td>\n<td width=\"100\"><\/td>\n<\/tr>\n<tr>\n<td width=\"366\">Pr\u00e1cticas Profesional III: Alimentos y Bebidas<\/td>\n<td width=\"113\">X<\/td>\n<td width=\"94\"><\/td>\n<td width=\"100\"><\/td>\n<\/tr>\n<\/tbody>\n<\/table>\n<p><strong>\u00a0<\/strong><\/p>\n<h3><strong>Horario de cursado<\/strong><\/h3>\n<p style=\"padding-left: 60px;\">\u00a0de 19 a 23 hs<\/p>\n<p>&nbsp;<\/p>\n<p>&nbsp;<\/p>\n<h3>Perfil del egresado<\/h3>\n<p>Competencias generales:<\/p>\n<p>El T\u00e9cnico en Turismo estar\u00e1 capacitado para:<\/p>\n<ul>\n<li>Analizar el fen\u00f3meno tur\u00edstico desde una perspectiva amplia y actuar en el proceso de gesti\u00f3n de productos \u2013 servicios tur\u00edsticos.<\/li>\n<li>Generar y gestionar emprendimientos tur\u00edsticos sustentables, incluyendo formas articuladas y asociativas, orientadas al desarrollo local.<\/li>\n<li>Participar de la capacitaci\u00f3n comunitaria, para la promoci\u00f3n del potencial tur\u00edstico local y regional.<\/li>\n<li>Dise\u00f1ar, comercializar y\/o asesorar para el desarrollo de nuevos productos tur\u00edsticos con una visi\u00f3n sustentable del turismo.<\/li>\n<\/ul>\n<p>&nbsp;<\/p>\n<p>&nbsp;<\/p>\n","protected":false},"excerpt":{"rendered":"<p>Tecnicatura Superior en Turismo con orientaci\u00f3n en Hoteler\u00eda Acerca de la carrera Plan de estudios https:\/\/dges-sal.infd.edu.ar\/sitio\/tecnicaturas\/upload\/Res._4256-06_turismo_anexos_I-II-III-IV-V_y_VI.pdf Perfil del Egresado &nbsp; Acerca de la carrera T\u00cdTULO: \u201cT\u00e9cnico Superior en Turismo con Orientaci\u00f3n en Hoteler\u00eda\u201d \u00a0 Plan de estudios https:\/\/dges-sal.infd.edu.ar\/sitio\/tecnicaturas\/upload\/Res._4256-06_turismo_anexos_I-II-III-IV-V_y_VI.pdf PRIMER A\u00d1O Espacio Curricular Anual 1\u00ba Cuatr. 2\u00ba Cuatr. Ingl\u00e9s I X Principios de Gastronom\u00eda X Patrimonio &#8230; <a title=\"Tecnicatura Superior en Turismo con orientaci\u00f3n en Hoteler\u00eda\" class=\"read-more\" href=\"https:\/\/ies6037-05-guachipas-sal.infd.edu.ar\/sitio\/catalogo\/tecnicatura-turismo\/\" aria-label=\"More on Tecnicatura Superior en Turismo con orientaci\u00f3n en Hoteler\u00eda\">[+]<\/a><\/p>\n","protected":false},"author":6,"featured_media":0,"parent":644,"menu_order":0,"comment_status":"closed","ping_status":"closed","template":"","meta":[],"acf":[],"_links":{"self":[{"href":"https:\/\/ies6037-05-guachipas-sal.infd.edu.ar\/sitio\/wp-json\/wp\/v2\/pages\/734"}],"collection":[{"href":"https:\/\/ies6037-05-guachipas-sal.infd.edu.ar\/sitio\/wp-json\/wp\/v2\/pages"}],"about":[{"href":"https:\/\/ies6037-05-guachipas-sal.infd.edu.ar\/sitio\/wp-json\/wp\/v2\/types\/page"}],"author":[{"embeddable":true,"href":"https:\/\/ies6037-05-guachipas-sal.infd.edu.ar\/sitio\/wp-json\/wp\/v2\/users\/6"}],"replies":[{"embeddable":true,"href":"https:\/\/ies6037-05-guachipas-sal.infd.edu.ar\/sitio\/wp-json\/wp\/v2\/comments?post=734"}],"version-history":[{"count":9,"href":"https:\/\/ies6037-05-guachipas-sal.infd.edu.ar\/sitio\/wp-json\/wp\/v2\/pages\/734\/revisions"}],"predecessor-version":[{"id":787,"href":"https:\/\/ies6037-05-guachipas-sal.infd.edu.ar\/sitio\/wp-json\/wp\/v2\/pages\/734\/revisions\/787"}],"up":[{"embeddable":true,"href":"https:\/\/ies6037-05-guachipas-sal.infd.edu.ar\/sitio\/wp-json\/wp\/v2\/pages\/644"}],"wp:attachment":[{"href":"https:\/\/ies6037-05-guachipas-sal.infd.edu.ar\/sitio\/wp-json\/wp\/v2\/media?parent=734"}],"curies":[{"name":"wp","href":"https:\/\/api.w.org\/{rel}","templated":true}]}}