{"id":768,"date":"2018-07-26T14:05:47","date_gmt":"2018-07-26T17:05:47","guid":{"rendered":"https:\/\/ies6037-05-guachipas-sal.infd.edu.ar\/sitio\/?page_id=768"},"modified":"2021-02-24T16:51:36","modified_gmt":"2021-02-24T19:51:36","slug":"docentes","status":"publish","type":"page","link":"https:\/\/ies6037-05-guachipas-sal.infd.edu.ar\/sitio\/docentes\/","title":{"rendered":"Personal Docente"},"content":{"rendered":"<h3 class=\"entry-header\">Plantel docente:<\/h3>\n<ul>\n<li class=\"entry-header\">Lic. Lorena Mart\u00ednez<\/li>\n<li>Lic. Eduardo Carabajal<\/li>\n<li>Cdor.\u00a0 Tom\u00e1s Salva<\/li>\n<li>T\u00e9c. Silvina Espinosa<\/li>\n<li>T\u00e9c. Miriam Tapia<\/li>\n<li>Prof. T\u00e9c. Cristian Ramos<\/li>\n<li>Prof. Stella Miranda<\/li>\n<li>Lic. Marcelo Blanco<\/li>\n<li>Valentina Ch\u00e1vez<\/li>\n<\/ul>\n","protected":false},"excerpt":{"rendered":"<p>Plantel docente: Lic. Lorena Mart\u00ednez Lic. Eduardo Carabajal Cdor.\u00a0 Tom\u00e1s Salva T\u00e9c. Silvina Espinosa T\u00e9c. Miriam Tapia Prof. T\u00e9c. Cristian Ramos Prof. Stella Miranda Lic. Marcelo Blanco Valentina Ch\u00e1vez<\/p>\n","protected":false},"author":6,"featured_media":0,"parent":0,"menu_order":0,"comment_status":"closed","ping_status":"closed","template":"","meta":[],"acf":[],"_links":{"self":[{"href":"https:\/\/ies6037-05-guachipas-sal.infd.edu.ar\/sitio\/wp-json\/wp\/v2\/pages\/768"}],"collection":[{"href":"https:\/\/ies6037-05-guachipas-sal.infd.edu.ar\/sitio\/wp-json\/wp\/v2\/pages"}],"about":[{"href":"https:\/\/ies6037-05-guachipas-sal.infd.edu.ar\/sitio\/wp-json\/wp\/v2\/types\/page"}],"author":[{"embeddable":true,"href":"https:\/\/ies6037-05-guachipas-sal.infd.edu.ar\/sitio\/wp-json\/wp\/v2\/users\/6"}],"replies":[{"embeddable":true,"href":"https:\/\/ies6037-05-guachipas-sal.infd.edu.ar\/sitio\/wp-json\/wp\/v2\/comments?post=768"}],"version-history":[{"count":19,"href":"https:\/\/ies6037-05-guachipas-sal.infd.edu.ar\/sitio\/wp-json\/wp\/v2\/pages\/768\/revisions"}],"predecessor-version":[{"id":808,"href":"https:\/\/ies6037-05-guachipas-sal.infd.edu.ar\/sitio\/wp-json\/wp\/v2\/pages\/768\/revisions\/808"}],"wp:attachment":[{"href":"https:\/\/ies6037-05-guachipas-sal.infd.edu.ar\/sitio\/wp-json\/wp\/v2\/media?parent=768"}],"curies":[{"name":"wp","href":"https:\/\/api.w.org\/{rel}","templated":true}]}}